{"id":7140,"date":"2023-11-14T02:05:33","date_gmt":"2023-11-14T02:05:33","guid":{"rendered":"https:\/\/balonantalya.com\/?post_type=product&#038;p=7140"},"modified":"2023-12-21T16:02:34","modified_gmt":"2023-12-21T16:02:34","slug":"luxery-balon-5","status":"publish","type":"product","link":"https:\/\/balonantalya.com\/index.php\/product\/luxery-balon-5\/","title":{"rendered":"Luxury Balon 5"},"content":{"rendered":"<p><strong>Luxury Balon<br \/>\n* <\/strong>Do\u011fum G\u00fcn\u00fc Partileri<br \/>\n*Sevgililer G\u00fcn\u00fc<br \/>\n*\u00d6zel Etkinlikler<br \/>\n*Balon S\u00fcsleme<br \/>\n*Antalya Balon<br \/>\n*Hediyelik balon<\/p>\n<h3>\u00a0 \u00a0 \u00a0 \u00a0 \u00a0 \u00a0 \u00a0 \u00a0 \u00a0 \u00a0 \u00a0 \u00a0 \u00a0 \u00a0 \u00a0 \u00a0 \u00a0 \u00a0 \u00a0 <a href=\"https:\/\/api.whatsapp.com\/send?phone=905309567007\"><img decoding=\"async\" class=\"alignnone wp-image-7219\" src=\"https:\/\/antalyaballoon.com\/wp-content\/uploads\/2023\/11\/pngwing.com_-300x300.png\" alt=\"\" width=\"95\" height=\"95\" srcset=\"https:\/\/balonantalya.com\/wp-content\/uploads\/2023\/11\/pngwing.com_-300x300.png 300w, https:\/\/balonantalya.com\/wp-content\/uploads\/2023\/11\/pngwing.com_-150x150.png 150w, https:\/\/balonantalya.com\/wp-content\/uploads\/2023\/11\/pngwing.com_-768x768.png 768w, https:\/\/balonantalya.com\/wp-content\/uploads\/2023\/11\/pngwing.com_-600x600.png 600w, https:\/\/balonantalya.com\/wp-content\/uploads\/2023\/11\/pngwing.com_-100x100.png 100w, https:\/\/balonantalya.com\/wp-content\/uploads\/2023\/11\/pngwing.com_.png 1000w\" sizes=\"(max-width: 95px) 100vw, 95px\" \/><\/a><br \/>\n<a href=\"https:\/\/api.whatsapp.com\/send?phone=905309567007\">Sipari\u015f Vermek \u0130\u00e7in T\u0131kla<\/a><\/h3>\n","protected":false},"excerpt":{"rendered":"<p><strong>Antalya balon firmas\u0131<\/strong> olarak siz de\u011ferli m\u00fc\u015fterilerimize her zaman t\u00fcm organizasyonlarda yan\u0131n\u0131zda olman\u0131n gururunu ya\u015f\u0131yoruz, sizler de Antalya balon firmas\u0131 ar\u0131yorsan\u0131z hemen bizi aray\u0131n. \u00dcr\u00fcnler hakk\u0131nda detayl\u0131 bilgi almak istiyorsan\u0131z bize whatsapp veya telefondan ula\u015fabilirsiniz.<\/p>\n<h3>\u00a0 \u00a0 \u00a0 \u00a0 \u00a0 \u00a0 \u00a0 \u00a0 \u00a0 \u00a0 \u00a0 \u00a0 \u00a0 \u00a0 \u00a0 \u00a0 \u00a0 \u00a0 \u00a0 <a href=\"https:\/\/api.whatsapp.com\/send?phone=905309567007\"><img decoding=\"async\" class=\"alignnone wp-image-7219\" src=\"https:\/\/antalyaballoon.com\/wp-content\/uploads\/2023\/11\/pngwing.com_-300x300.png\" alt=\"\" width=\"95\" height=\"95\" srcset=\"https:\/\/balonantalya.com\/wp-content\/uploads\/2023\/11\/pngwing.com_-300x300.png 300w, https:\/\/balonantalya.com\/wp-content\/uploads\/2023\/11\/pngwing.com_-150x150.png 150w, https:\/\/balonantalya.com\/wp-content\/uploads\/2023\/11\/pngwing.com_-768x768.png 768w, https:\/\/balonantalya.com\/wp-content\/uploads\/2023\/11\/pngwing.com_-600x600.png 600w, https:\/\/balonantalya.com\/wp-content\/uploads\/2023\/11\/pngwing.com_-100x100.png 100w, https:\/\/balonantalya.com\/wp-content\/uploads\/2023\/11\/pngwing.com_.png 1000w\" sizes=\"(max-width: 95px) 100vw, 95px\" \/><\/a><br \/>\n<a href=\"https:\/\/api.whatsapp.com\/send?phone=905309567007\">Sipari\u015f Vermek \u0130\u00e7in T\u0131kla<\/a><\/h3>\n","protected":false},"featured_media":7142,"comment_status":"open","ping_status":"closed","template":"","meta":{"om_disable_all_campaigns":false,"_monsterinsights_skip_tracking":false,"_monsterinsights_sitenote_active":false,"_monsterinsights_sitenote_note":"","_monsterinsights_sitenote_category":0,"_joinchat":[]},"product_cat":[115,51],"product_tag":[118,119,117,123,120,128,122,121],"aioseo_notices":[],"_links":{"self":[{"href":"https:\/\/balonantalya.com\/index.php\/wp-json\/wp\/v2\/product\/7140"}],"collection":[{"href":"https:\/\/balonantalya.com\/index.php\/wp-json\/wp\/v2\/product"}],"about":[{"href":"https:\/\/balonantalya.com\/index.php\/wp-json\/wp\/v2\/types\/product"}],"replies":[{"embeddable":true,"href":"https:\/\/balonantalya.com\/index.php\/wp-json\/wp\/v2\/comments?post=7140"}],"wp:featuredmedia":[{"embeddable":true,"href":"https:\/\/balonantalya.com\/index.php\/wp-json\/wp\/v2\/media\/7142"}],"wp:attachment":[{"href":"https:\/\/balonantalya.com\/index.php\/wp-json\/wp\/v2\/media?parent=7140"}],"wp:term":[{"taxonomy":"product_cat","embeddable":true,"href":"https:\/\/balonantalya.com\/index.php\/wp-json\/wp\/v2\/product_cat?post=7140"},{"taxonomy":"product_tag","embeddable":true,"href":"https:\/\/balonantalya.com\/index.php\/wp-json\/wp\/v2\/product_tag?post=7140"}],"curies":[{"name":"wp","href":"https:\/\/api.w.org\/{rel}","templated":true}]}}